{"id":2129,"date":"2014-03-31T06:26:25","date_gmt":"2014-03-31T06:26:25","guid":{"rendered":"http:\/\/themenectar.com\/demo\/salient-frostwave\/?page_id=2129"},"modified":"2023-01-13T11:26:01","modified_gmt":"2023-01-13T10:26:01","slug":"pocetna","status":"publish","type":"page","link":"https:\/\/www.knap.hr\/kazaliste\/","title":{"rendered":"Po\u010detna"},"content":{"rendered":"[vc_row type=&#8221;full_width_background&#8221; full_screen_row_position=&#8221;middle&#8221; column_margin=&#8221;default&#8221; equal_height=&#8221;yes&#8221; column_direction=&#8221;default&#8221; column_direction_tablet=&#8221;default&#8221; column_direction_phone=&#8221;default&#8221; scene_position=&#8221;center&#8221; text_color=&#8221;dark&#8221; text_align=&#8221;left&#8221; row_border_radius=&#8221;none&#8221; row_border_radius_applies=&#8221;bg&#8221; overflow=&#8221;visible&#8221; id=&#8221;start&#8221; disable_element=&#8221;yes&#8221; overlay_strength=&#8221;0.3&#8243; gradient_direction=&#8221;left_to_right&#8221; shape_divider_position=&#8221;bottom&#8221; bg_image_animation=&#8221;none&#8221; shape_type=&#8221;&#8221;][vc_column column_padding=&#8221;no-extra-padding&#8221; column_padding_tablet=&#8221;inherit&#8221; column_padding_phone=&#8221;inherit&#8221; column_padding_position=&#8221;all&#8221; column_element_direction_desktop=&#8221;default&#8221; column_element_spacing=&#8221;default&#8221; desktop_text_alignment=&#8221;default&#8221; tablet_text_alignment=&#8221;default&#8221; phone_text_alignment=&#8221;default&#8221; background_color_opacity=&#8221;1&#8243; background_hover_color_opacity=&#8221;1&#8243; column_backdrop_filter=&#8221;none&#8221; column_shadow=&#8221;none&#8221; column_border_radius=&#8221;none&#8221; column_link_target=&#8221;_self&#8221; column_position=&#8221;default&#8221; gradient_direction=&#8221;left_to_right&#8221; overlay_strength=&#8221;0.3&#8243; width=&#8221;1\/1&#8243; tablet_width_inherit=&#8221;default&#8221; animation_type=&#8221;default&#8221; bg_image_animation=&#8221;none&#8221; border_type=&#8221;simple&#8221; column_border_width=&#8221;none&#8221; column_border_style=&#8221;solid&#8221;][vc_column_text][nectar_slider location=&#8221;Home&#8221; flexible_slider_height=&#8221;true&#8221; full_width=&#8221;true&#8221; fullscreen=&#8221;true&#8221; arrow_navigation=&#8221;true&#8221; overall_style=&#8221;classic&#8221; desktop_swipe=&#8221;true&#8221; parallax=&#8221;true&#8221; bg_animation=&#8221;none&#8221; loop=&#8221;true&#8221; slider_transition=&#8221;slide&#8221; caption_transition=&#8221;fade_in_from_bottom&#8221; button_sizing=&#8221;regular&#8221; slider_height=&#8221;1500&#8243; min_slider_height=&#8221;250&#8243;][\/vc_column_text][\/vc_column][\/vc_row][vc_row type=&#8221;full_width_content&#8221; full_screen_row_position=&#8221;middle&#8221; column_margin=&#8221;default&#8221; column_direction=&#8221;default&#8221; column_direction_tablet=&#8221;default&#8221; column_direction_phone=&#8221;default&#8221; bg_color=&#8221;#ffffff&#8221; scene_position=&#8221;center&#8221; top_padding=&#8221;5%&#8221; bottom_padding=&#8221;2%&#8221; text_color=&#8221;dark&#8221; text_align=&#8221;center&#8221; row_border_radius=&#8221;none&#8221; row_border_radius_applies=&#8221;bg&#8221; overflow=&#8221;visible&#8221; overlay_strength=&#8221;0.3&#8243; gradient_direction=&#8221;left_to_right&#8221; shape_divider_position=&#8221;bottom&#8221; bg_image_animation=&#8221;none&#8221; shape_type=&#8221;&#8221;][vc_column column_padding=&#8221;no-extra-padding&#8221; column_padding_tablet=&#8221;inherit&#8221; column_padding_phone=&#8221;inherit&#8221; column_padding_position=&#8221;all&#8221; column_element_direction_desktop=&#8221;default&#8221; column_element_spacing=&#8221;default&#8221; desktop_text_alignment=&#8221;default&#8221; tablet_text_alignment=&#8221;default&#8221; phone_text_alignment=&#8221;default&#8221; background_color_opacity=&#8221;1&#8243; background_hover_color_opacity=&#8221;1&#8243; column_backdrop_filter=&#8221;none&#8221; column_shadow=&#8221;none&#8221; column_border_radius=&#8221;none&#8221; column_link_target=&#8221;_self&#8221; column_position=&#8221;default&#8221; gradient_direction=&#8221;left_to_right&#8221; overlay_strength=&#8221;0.3&#8243; width=&#8221;1\/1&#8243; tablet_width_inherit=&#8221;default&#8221; animation_type=&#8221;default&#8221; bg_image_animation=&#8221;none&#8221; border_type=&#8221;simple&#8221; column_border_width=&#8221;none&#8221; column_border_style=&#8221;solid&#8221;][divider line_type=&#8221;No Line&#8221; custom_height=&#8221;1&#8243; custom_height_tablet=&#8221;20&#8243; custom_height_phone=&#8221;20&#8243;][vc_column_text]\n<h2>PREDSTAVE<\/h2>\n[\/vc_column_text][divider line_type=&#8221;Small Line&#8221; line_alignment=&#8221;center&#8221; line_thickness=&#8221;2&#8243; divider_color=&#8221;extra-color-gradient-2&#8243; animate=&#8221;yes&#8221; custom_height=&#8221;10&#8243; custom_line_width=&#8221;160&#8243;][divider line_type=&#8221;No Line&#8221; custom_height=&#8221;30&#8243;][nectar_post_grid post_type=&#8221;custom&#8221; cpt_name=&#8221;predstave&#8221; order=&#8221;DESC&#8221; orderby=&#8221;date&#8221; pagination=&#8221;none&#8221; columns=&#8221;4&#8243; grid_item_spacing=&#8221;none&#8221; grid_item_height=&#8221;30vh&#8221; image_size=&#8221;large&#8221; aspect_ratio_image_size=&#8221;yes&#8221; custom_image_aspect_ratio=&#8221;default&#8221; image_loading=&#8221;default&#8221; animation=&#8221;none&#8221; heading_tag=&#8221;default&#8221; category_position=&#8221;default&#8221; display_excerpt=&#8221;yes&#8221; grid_style=&#8221;content_under_image&#8221; card_design=&#8221;yes&#8221; card_bg_color=&#8221;#ec252a&#8221; card_bg_color_hover=&#8221;#ec252a&#8221; content_under_image_text_align=&#8221;center&#8221; text_color=&#8221;light&#8221; hover_effect=&#8221;slow_zoom&#8221; border_radius=&#8221;none&#8221; shadow_on_hover=&#8221;yes&#8221; posts_per_page=&#8221;4&#8243; custom_font_size=&#8221;18px&#8221; custom_query_tax=&#8221;63&#8243;][nectar_btn size=&#8221;large&#8221; button_style=&#8221;see-through&#8221; button_color_2=&#8221;Accent-Color&#8221; color_override=&#8221;#ec252a&#8221; icon_family=&#8221;default_arrow&#8221; url=&#8221;https:\/\/www.knap.hr\/kazaliste\/predstave-knap\/&#8221; text=&#8221;Sve predstave&#8221; margin_top=&#8221;20&#8243;][\/vc_column][\/vc_row][vc_row type=&#8221;full_width_content&#8221; full_screen_row_position=&#8221;middle&#8221; column_margin=&#8221;default&#8221; column_direction=&#8221;default&#8221; column_direction_tablet=&#8221;default&#8221; column_direction_phone=&#8221;default&#8221; scene_position=&#8221;center&#8221; top_padding=&#8221;0&#8243; bottom_padding=&#8221;0&#8243; left_padding_desktop=&#8221;0&#8243; right_padding_desktop=&#8221;0&#8243; text_color=&#8221;dark&#8221; text_align=&#8221;center&#8221; row_border_radius=&#8221;none&#8221; row_border_radius_applies=&#8221;bg&#8221; overflow=&#8221;visible&#8221; overlay_strength=&#8221;0.3&#8243; gradient_direction=&#8221;left_to_right&#8221; enable_shape_divider=&#8221;true&#8221; shape_divider_color=&#8221;#d8d8d8&#8243; shape_divider_position=&#8221;top&#8221; shape_divider_height=&#8221;1&#8243; shape_divider_bring_to_front=&#8221;true&#8221; bg_image_animation=&#8221;none&#8221; shape_type=&#8221;straight_section&#8221;][vc_column column_padding=&#8221;no-extra-padding&#8221; column_padding_tablet=&#8221;inherit&#8221; column_padding_phone=&#8221;inherit&#8221; column_padding_position=&#8221;all&#8221; column_element_direction_desktop=&#8221;default&#8221; column_element_spacing=&#8221;default&#8221; desktop_text_alignment=&#8221;default&#8221; tablet_text_alignment=&#8221;default&#8221; phone_text_alignment=&#8221;default&#8221; background_color_opacity=&#8221;1&#8243; background_hover_color_opacity=&#8221;1&#8243; column_backdrop_filter=&#8221;none&#8221; column_shadow=&#8221;none&#8221; column_border_radius=&#8221;none&#8221; column_link_target=&#8221;_self&#8221; column_position=&#8221;default&#8221; gradient_direction=&#8221;left_to_right&#8221; overlay_strength=&#8221;0.3&#8243; width=&#8221;1\/1&#8243; tablet_width_inherit=&#8221;default&#8221; animation_type=&#8221;default&#8221; bg_image_animation=&#8221;none&#8221; border_type=&#8221;simple&#8221; column_border_width=&#8221;none&#8221; column_border_style=&#8221;solid&#8221;][divider line_type=&#8221;No Line&#8221; custom_height=&#8221;40&#8243;][nectar_animated_title heading_tag=&#8221;h6&#8243; style=&#8221;color-strip-reveal&#8221; color=&#8221;Accent-Color&#8221; text=&#8221;Pratite kazali\u0161te KNAP i na dru\u0161tvenim mre\u017eama&#8221;][nectar_icon icon_family=&#8221;fontawesome&#8221; icon_style=&#8221;default&#8221; icon_color_type=&#8221;custom&#8221; icon_color_custom=&#8221;#3b5998&#8243; open_new_tab=&#8221;true&#8221; icon_padding=&#8221;20px&#8221; pointer_events=&#8221;all&#8221; icon_fontawesome=&#8221;fa fa-facebook-square&#8221; icon_size=&#8221;50&#8243; class=&#8221;&#8220;alignnone&#8221; src=&#8221;&#8220;https:\/\/www.knap.hr\/centar\/wp-content\/uploads\/2021\/12\/facebook.png&#8220;&#8221; alt=&#8221;&#8220;&#8220;&#8221; width=&#8221;&#8220;37&#8220;&#8221; height=&#8221;&#8220;37&#8220;&#8221; url=&#8221;https:\/\/www.facebook.com\/kazalisteknap\/&#8221;][nectar_icon icon_family=&#8221;fontawesome&#8221; icon_style=&#8221;default&#8221; icon_color_type=&#8221;custom&#8221; icon_color_custom=&#8221;#cd486b&#8221; open_new_tab=&#8221;true&#8221; icon_padding=&#8221;20px&#8221; pointer_events=&#8221;all&#8221; icon_fontawesome=&#8221;fa fa-instagram&#8221; icon_size=&#8221;50&#8243; url=&#8221;https:\/\/www.instagram.com\/kazaliste_knap\/&#8221;][\/vc_column][\/vc_row]\n","protected":false},"excerpt":{"rendered":"<p>[vc_row type=&#8221;full_width_background&#8221; full_screen_row_position=&#8221;middle&#8221; column_margin=&#8221;default&#8221; equal_height=&#8221;yes&#8221; column_direction=&#8221;default&#8221; column_direction_tablet=&#8221;default&#8221; column_direction_phone=&#8221;default&#8221; scene_position=&#8221;center&#8221; text_color=&#8221;dark&#8221; text_align=&#8221;left&#8221; row_border_radius=&#8221;none&#8221; row_border_radius_applies=&#8221;bg&#8221; overflow=&#8221;visible&#8221; id=&#8221;start&#8221; disable_element=&#8221;yes&#8221; overlay_strength=&#8221;0.3&#8243; gradient_direction=&#8221;left_to_right&#8221; shape_divider_position=&#8221;bottom&#8221; bg_image_animation=&#8221;none&#8221; shape_type=&#8221;&#8221;][vc_column column_padding=&#8221;no-extra-padding&#8221; column_padding_tablet=&#8221;inherit&#8221; column_padding_phone=&#8221;inherit&#8221; column_padding_position=&#8221;all&#8221;&#8230;<\/p>\n","protected":false},"author":1,"featured_media":0,"parent":0,"menu_order":7,"comment_status":"open","ping_status":"open","template":"template-homepage.php","meta":{"_acf_changed":false,"_seopress_robots_primary_cat":"","_seopress_titles_title":"","_seopress_titles_desc":"","_seopress_robots_index":"","footnotes":""},"class_list":["post-2129","page","type-page","status-publish"],"acf":[],"_links":{"self":[{"href":"https:\/\/www.knap.hr\/kazaliste\/wp-json\/wp\/v2\/pages\/2129","targetHints":{"allow":["GET"]}}],"collection":[{"href":"https:\/\/www.knap.hr\/kazaliste\/wp-json\/wp\/v2\/pages"}],"about":[{"href":"https:\/\/www.knap.hr\/kazaliste\/wp-json\/wp\/v2\/types\/page"}],"author":[{"embeddable":true,"href":"https:\/\/www.knap.hr\/kazaliste\/wp-json\/wp\/v2\/users\/1"}],"replies":[{"embeddable":true,"href":"https:\/\/www.knap.hr\/kazaliste\/wp-json\/wp\/v2\/comments?post=2129"}],"version-history":[{"count":84,"href":"https:\/\/www.knap.hr\/kazaliste\/wp-json\/wp\/v2\/pages\/2129\/revisions"}],"predecessor-version":[{"id":8254,"href":"https:\/\/www.knap.hr\/kazaliste\/wp-json\/wp\/v2\/pages\/2129\/revisions\/8254"}],"wp:attachment":[{"href":"https:\/\/www.knap.hr\/kazaliste\/wp-json\/wp\/v2\/media?parent=2129"}],"curies":[{"name":"wp","href":"https:\/\/api.w.org\/{rel}","templated":true}]}}