{"id":3335,"date":"2021-02-08T21:54:31","date_gmt":"2021-02-08T21:54:31","guid":{"rendered":"https:\/\/www.knap.hr\/centar\/?page_id=3335"},"modified":"2026-04-30T16:20:38","modified_gmt":"2026-04-30T14:20:38","slug":"kontakt","status":"publish","type":"page","link":"https:\/\/www.knap.hr\/centar\/kontakt\/","title":{"rendered":"Kontakt"},"content":{"rendered":"[vc_row type=&#8221;in_container&#8221; full_screen_row_position=&#8221;middle&#8221; column_margin=&#8221;default&#8221; column_direction=&#8221;default&#8221; column_direction_tablet=&#8221;default&#8221; column_direction_phone=&#8221;default&#8221; scene_position=&#8221;center&#8221; text_color=&#8221;dark&#8221; text_align=&#8221;left&#8221; row_border_radius=&#8221;none&#8221; row_border_radius_applies=&#8221;bg&#8221; overflow=&#8221;visible&#8221; overlay_strength=&#8221;0.3&#8243; gradient_direction=&#8221;left_to_right&#8221; shape_divider_position=&#8221;bottom&#8221; bg_image_animation=&#8221;none&#8221;][vc_column column_padding=&#8221;no-extra-padding&#8221; column_padding_tablet=&#8221;inherit&#8221; column_padding_phone=&#8221;inherit&#8221; column_padding_position=&#8221;all&#8221; column_element_direction_desktop=&#8221;default&#8221; column_element_spacing=&#8221;default&#8221; desktop_text_alignment=&#8221;default&#8221; tablet_text_alignment=&#8221;default&#8221; phone_text_alignment=&#8221;default&#8221; background_color_opacity=&#8221;1&#8243; background_hover_color_opacity=&#8221;1&#8243; column_backdrop_filter=&#8221;none&#8221; column_shadow=&#8221;none&#8221; column_border_radius=&#8221;none&#8221; column_link_target=&#8221;_self&#8221; column_position=&#8221;default&#8221; gradient_direction=&#8221;left_to_right&#8221; overlay_strength=&#8221;0.3&#8243; width=&#8221;1\/1&#8243; tablet_width_inherit=&#8221;default&#8221; animation_type=&#8221;default&#8221; bg_image_animation=&#8221;none&#8221; border_type=&#8221;simple&#8221; column_border_width=&#8221;none&#8221; column_border_style=&#8221;solid&#8221;]<div class=\"templatera_shortcode\"><div id=\"fws_69fc84eab0111\"  data-column-margin=\"default\" data-midnight=\"dark\"  class=\"wpb_row vc_row-fluid vc_row\"  style=\"padding-top: 0px; padding-bottom: 0px; \"><div class=\"row-bg-wrap\" data-bg-animation=\"none\" data-bg-animation-delay=\"\" data-bg-overlay=\"false\"><div class=\"inner-wrap row-bg-layer\" ><div class=\"row-bg viewport-desktop using-bg-color\"  style=\"background-color: #e8e8e8; \"><\/div><\/div><\/div><div class=\"row_col_wrap_12 col span_12 dark left\">\n\t<div  class=\"vc_col-sm-12 wpb_column column_container vc_column_container col no-extra-padding inherit_tablet inherit_phone \"  data-padding-pos=\"all\" data-has-bg-color=\"false\" data-bg-color=\"\" data-bg-opacity=\"1\" data-animation=\"\" data-delay=\"0\" >\n\t\t<div class=\"vc_column-inner\" >\n\t\t\t<div class=\"wpb_wrapper\">\n\t\t\t\t<div class=\"page-submenu\" data-bg-color=\"#ec252a\" data-sticky=\"false\" data-alignment=\"center\"><div class=\"full-width-content\" style=\"background-color:#ec252a; color: #ffffff;\"><a href=\"#\" class=\"mobile-menu-link\"><i class=\"salient-page-submenu-icon\"><\/i>Izbornik<\/a><ul style=\"background-color:#ec252a; color: #ffffff;\"><li><a  href=\"https:\/\/www.knap.hr\/centar\/o-nama\/\">O Nama<\/a><\/li><li><a  href=\"https:\/\/www.knap.hr\/centar\/o-nama\/dvorana\/\">Dvorana<\/a><\/li><li><a  href=\"https:\/\/www.knap.hr\/centar\/o-nama\/dokumenti\/\">Dokumenti<\/a><\/li><li><a  href=\"https:\/\/www.knap.hr\/centar\/o-nama\/statut\/\">Statut Centra KNAP<\/a><\/li><li><a  href=\"https:\/\/www.knap.hr\/centar\/o-nama\/javna-nabava\/\">Javna nabava<\/a><\/li><li><a  href=\"https:\/\/www.knap.hr\/centar\/o-nama\/natjecaji\/\">Natje\u010daji<\/a><\/li><li><a  href=\"https:\/\/www.knap.hr\/centar\/kontakt\/\">Kontakt<\/a><\/li><\/ul><\/div><\/div>\n\t\t\t<\/div> \n\t\t<\/div>\n\t<\/div> \n<\/div><\/div>\r\n<\/div>[\/vc_column][\/vc_row][vc_row type=&#8221;in_container&#8221; full_screen_row_position=&#8221;middle&#8221; column_margin=&#8221;default&#8221; column_direction=&#8221;default&#8221; column_direction_tablet=&#8221;default&#8221; column_direction_phone=&#8221;default&#8221; scene_position=&#8221;center&#8221; text_color=&#8221;dark&#8221; text_align=&#8221;center&#8221; row_border_radius=&#8221;none&#8221; row_border_radius_applies=&#8221;bg&#8221; overflow=&#8221;visible&#8221; overlay_strength=&#8221;0.3&#8243; gradient_direction=&#8221;left_to_right&#8221; shape_divider_position=&#8221;bottom&#8221; bg_image_animation=&#8221;none&#8221; shape_type=&#8221;&#8221;][vc_column column_padding=&#8221;no-extra-padding&#8221; column_padding_tablet=&#8221;inherit&#8221; column_padding_phone=&#8221;inherit&#8221; column_padding_position=&#8221;all&#8221; column_element_direction_desktop=&#8221;default&#8221; column_element_spacing=&#8221;default&#8221; desktop_text_alignment=&#8221;default&#8221; tablet_text_alignment=&#8221;default&#8221; phone_text_alignment=&#8221;default&#8221; background_color_opacity=&#8221;1&#8243; background_hover_color_opacity=&#8221;1&#8243; column_backdrop_filter=&#8221;none&#8221; column_shadow=&#8221;none&#8221; column_border_radius=&#8221;none&#8221; column_link_target=&#8221;_self&#8221; column_position=&#8221;default&#8221; gradient_direction=&#8221;left_to_right&#8221; overlay_strength=&#8221;0.3&#8243; width=&#8221;1\/1&#8243; tablet_width_inherit=&#8221;default&#8221; animation_type=&#8221;default&#8221; bg_image_animation=&#8221;none&#8221; border_type=&#8221;simple&#8221; column_border_width=&#8221;none&#8221; column_border_style=&#8221;solid&#8221;][vc_column_text max_width=&#8221;1000&#8243;][vc_row type=&#8221;in_container&#8221; full_screen_row_position=&#8221;middle&#8221; column_margin=&#8221;default&#8221; column_direction=&#8221;default&#8221; column_direction_tablet=&#8221;default&#8221; column_direction_phone=&#8221;default&#8221; scene_position=&#8221;center&#8221; text_color=&#8221;dark&#8221; text_align=&#8221;center&#8221; row_border_radius=&#8221;none&#8221; row_border_radius_applies=&#8221;bg&#8221; overlay_strength=&#8221;0.3&#8243; gradient_direction=&#8221;left_to_right&#8221; shape_divider_position=&#8221;bottom&#8221; bg_image_animation=&#8221;none&#8221; shape_type=&#8221;&#8221;][vc_column column_padding=&#8221;no-extra-padding&#8221; column_padding_tablet=&#8221;inherit&#8221; column_padding_phone=&#8221;inherit&#8221; column_padding_position=&#8221;all&#8221; background_color_opacity=&#8221;1&#8243; background_hover_color_opacity=&#8221;1&#8243; column_shadow=&#8221;none&#8221; column_border_radius=&#8221;none&#8221; column_link_target=&#8221;_self&#8221; gradient_direction=&#8221;left_to_right&#8221; overlay_strength=&#8221;0.3&#8243; width=&#8221;1\/1&#8243; tablet_width_inherit=&#8221;default&#8221; tablet_text_alignment=&#8221;default&#8221; phone_text_alignment=&#8221;default&#8221; column_border_width=&#8221;none&#8221; column_border_style=&#8221;solid&#8221; bg_image_animation=&#8221;none&#8221;][vc_column_text]\n<h1 style=\"text-align: center;\">Kontaktirajte nas<\/h1>\n[\/vc_column_text][divider line_type=&#8221;Small Line&#8221; line_alignment=&#8221;center&#8221; line_thickness=&#8221;4&#8243; divider_color=&#8221;default&#8221; animate=&#8221;yes&#8221; custom_height=&#8221;40&#8243; custom_line_width=&#8221;160&#8243;][vc_column_text]\n<h3><strong>CENTAR KULTURE NA PE\u0160\u010cENICI &#8211; KNAP<\/strong><\/h3>\n<p><em>Ivani\u0107gradska 41a, Zagreb<\/em><br \/>\n<strong>telefon<\/strong>: 01 23 03 122<br \/>\n<strong>fax<\/strong>: 01 23 17 354<br \/>\n<strong>email<\/strong>: <a href=\"mailto:centar@knap.hr\">centar@knap.hr<\/a>[\/vc_column_text][divider line_type=&#8221;No Line&#8221; custom_height=&#8221;20&#8243;][\/vc_column][\/vc_row][vc_row type=&#8221;in_container&#8221; full_screen_row_position=&#8221;middle&#8221; column_margin=&#8221;default&#8221; column_direction=&#8221;default&#8221; column_direction_tablet=&#8221;default&#8221; column_direction_phone=&#8221;default&#8221; scene_position=&#8221;center&#8221; text_color=&#8221;dark&#8221; text_align=&#8221;left&#8221; row_border_radius=&#8221;none&#8221; row_border_radius_applies=&#8221;bg&#8221; overflow=&#8221;visible&#8221; overlay_strength=&#8221;0.3&#8243; gradient_direction=&#8221;left_to_right&#8221; shape_divider_position=&#8221;bottom&#8221; bg_image_animation=&#8221;none&#8221;][vc_column column_padding=&#8221;no-extra-padding&#8221; column_padding_tablet=&#8221;inherit&#8221; column_padding_phone=&#8221;inherit&#8221; column_padding_position=&#8221;all&#8221; column_element_direction_desktop=&#8221;default&#8221; column_element_spacing=&#8221;default&#8221; desktop_text_alignment=&#8221;default&#8221; tablet_text_alignment=&#8221;default&#8221; phone_text_alignment=&#8221;default&#8221; background_color_opacity=&#8221;1&#8243; background_hover_color_opacity=&#8221;1&#8243; column_backdrop_filter=&#8221;none&#8221; column_shadow=&#8221;none&#8221; column_border_radius=&#8221;none&#8221; column_link_target=&#8221;_self&#8221; column_position=&#8221;default&#8221; el_class=&#8221;ds-contact-checkbox&#8221; gradient_direction=&#8221;left_to_right&#8221; overlay_strength=&#8221;0.3&#8243; width=&#8221;1\/2&#8243; tablet_width_inherit=&#8221;default&#8221; animation_type=&#8221;default&#8221; bg_image_animation=&#8221;none&#8221; border_type=&#8221;simple&#8221; column_border_width=&#8221;none&#8221; column_border_style=&#8221;solid&#8221; column_padding_type=&#8221;default&#8221; gradient_type=&#8221;default&#8221;][vc_column_text]\n<h2>Po\u0161aljite poruku:<\/h2>\n[\/vc_column_text][divider line_type=&#8221;No Line&#8221; custom_height=&#8221;30&#8243;]\n<div class=\"wpcf7 no-js\" id=\"wpcf7-f3336-o1\" lang=\"en-US\" dir=\"ltr\" data-wpcf7-id=\"3336\">\n<div class=\"screen-reader-response\"><p role=\"status\" aria-live=\"polite\" aria-atomic=\"true\"><\/p> <ul><\/ul><\/div>\n<form action=\"\/centar\/wp-json\/wp\/v2\/pages\/3335#wpcf7-f3336-o1\" method=\"post\" class=\"wpcf7-form init f7f938f64457 cmatic-conn cmatic-aud-2 cmatic-mapd0-0 cmatic-v097802 cmatic-sent-0 cmatic-total-963\" aria-label=\"Contact form\" novalidate=\"novalidate\" data-status=\"init\">\n<fieldset class=\"hidden-fields-container\"><input type=\"hidden\" name=\"_wpcf7\" value=\"3336\" \/><input type=\"hidden\" name=\"_wpcf7_version\" value=\"6.1.5\" \/><input type=\"hidden\" name=\"_wpcf7_locale\" value=\"en_US\" \/><input type=\"hidden\" name=\"_wpcf7_unit_tag\" value=\"wpcf7-f3336-o1\" \/><input type=\"hidden\" name=\"_wpcf7_container_post\" value=\"0\" \/><input type=\"hidden\" name=\"_wpcf7_posted_data_hash\" value=\"\" \/>\n<\/fieldset>\n<p><span class=\"wpcf7-form-control-wrap\" data-name=\"your-name\"><input size=\"40\" maxlength=\"400\" class=\"wpcf7-form-control wpcf7-text wpcf7-validates-as-required\" aria-required=\"true\" aria-invalid=\"false\" placeholder=\"Va\u0161e ime\" value=\"\" type=\"text\" name=\"your-name\" \/><\/span>\n<\/p>\n<p><span class=\"wpcf7-form-control-wrap\" data-name=\"your-email\"><input size=\"40\" maxlength=\"400\" class=\"wpcf7-form-control wpcf7-email wpcf7-validates-as-required wpcf7-text wpcf7-validates-as-email\" aria-required=\"true\" aria-invalid=\"false\" placeholder=\"Email\" value=\"\" type=\"email\" name=\"your-email\" \/><\/span>\n<\/p>\n<p><span class=\"wpcf7-form-control-wrap\" data-name=\"your-message\"><textarea cols=\"40\" rows=\"10\" maxlength=\"2000\" class=\"wpcf7-form-control wpcf7-textarea\" aria-invalid=\"false\" placeholder=\"Poruka\" name=\"your-message\"><\/textarea><\/span>\n<\/p>\n<p><b>GDPR<\/b>\n<\/p>\n<p><span class=\"wpcf7-form-control-wrap\" data-name=\"acceptance-885\"><span class=\"wpcf7-form-control wpcf7-acceptance\"><span class=\"wpcf7-list-item\"><label><input type=\"checkbox\" name=\"acceptance-885\" value=\"1\" aria-invalid=\"false\" \/><span class=\"wpcf7-list-item-label\">Sla\u017eem se da moje osobne podatke koristite za obavijesti o kazali\u0161tu te me kontaktirate putem e-maila ili telefona nastavno na moju poruku.<\/span><\/label><\/span><\/span><\/span>\n<\/p>\n<p><input class=\"wpcf7-form-control wpcf7-submit has-spinner\" type=\"submit\" value=\"Po\u0161alji\" \/>\n<\/p><div class=\"wpcf7-response-output\" aria-hidden=\"true\"><\/div>\n<\/form>\n<\/div>\n[divider line_type=&#8221;No Line&#8221; custom_height=&#8221;30&#8243;][\/vc_column][vc_column column_padding=&#8221;no-extra-padding&#8221; column_padding_tablet=&#8221;inherit&#8221; column_padding_phone=&#8221;inherit&#8221; column_padding_position=&#8221;all&#8221; column_element_direction_desktop=&#8221;default&#8221; column_element_spacing=&#8221;default&#8221; desktop_text_alignment=&#8221;default&#8221; tablet_text_alignment=&#8221;default&#8221; phone_text_alignment=&#8221;default&#8221; background_color_opacity=&#8221;1&#8243; background_hover_color_opacity=&#8221;1&#8243; column_backdrop_filter=&#8221;none&#8221; column_shadow=&#8221;none&#8221; column_border_radius=&#8221;none&#8221; column_link_target=&#8221;_self&#8221; column_position=&#8221;default&#8221; gradient_direction=&#8221;left_to_right&#8221; overlay_strength=&#8221;0.3&#8243; width=&#8221;1\/2&#8243; tablet_width_inherit=&#8221;default&#8221; animation_type=&#8221;default&#8221; bg_image_animation=&#8221;none&#8221; border_type=&#8221;simple&#8221; column_border_width=&#8221;none&#8221; column_border_style=&#8221;solid&#8221;][vc_column_text]\n<h2>Kako do nas?<\/h2>\n[\/vc_column_text][divider line_type=&#8221;No Line&#8221; custom_height=&#8221;30&#8243;][vc_raw_html]JTNDaWZyYW1lJTIwc3JjJTNEJTIyaHR0cHMlM0ElMkYlMkZ3d3cuZ29vZ2xlLmNvbSUyRm1hcHMlMkZlbWJlZCUzRnBiJTNEJTIxMW0xNCUyMTFtOCUyMTFtMyUyMTFkMjIyNDkuMDgxODU3MTcyMTglMjEyZDE2LjAxNzQ1MyUyMTNkNDUuODA4NTUlMjEzbTIlMjExaTEwMjQlMjEyaTc2OCUyMTRmMTMuMSUyMTNtMyUyMTFtMiUyMTFzMHg0NzY1ZDYzMzRiMTU4MThiJTI1M0EweDFhZDA0MTYzNmUxZjM1ZWYlMjEyc0l2YW5pJTI1QzQlMjU4N2dyYWRza2ElMjUyMHVsLiUyNTIwNDElMjUyQyUyNTIwMTAwMDAlMjUyQyUyNTIwWmFncmViJTI1MkMlMjUyMEhydmF0c2thJTIxNWUwJTIxM20yJTIxMXNociUyMTJzdXMlMjE0djE2MTI4MjEzMzY0MTAlMjE1bTIlMjExc2hyJTIxMnN1cyUyMiUyMHdpZHRoJTNEJTIyNjAwJTIyJTIwaGVpZ2h0JTNEJTIyNDUwJTIyJTIwZnJhbWVib3JkZXIlM0QlMjIwJTIyJTIwc3R5bGUlM0QlMjJib3JkZXIlM0EwJTNCJTIyJTIwYWxsb3dmdWxsc2NyZWVuJTNEJTIyJTIyJTIwYXJpYS1oaWRkZW4lM0QlMjJmYWxzZSUyMiUyMHRhYmluZGV4JTNEJTIyMCUyMiUzRSUzQyUyRmlmcmFtZSUzRQ==[\/vc_raw_html][\/vc_column][\/vc_row][vc_row type=&#8221;in_container&#8221; full_screen_row_position=&#8221;middle&#8221; column_margin=&#8221;default&#8221; column_direction=&#8221;default&#8221; column_direction_tablet=&#8221;default&#8221; column_direction_phone=&#8221;default&#8221; scene_position=&#8221;center&#8221; text_color=&#8221;dark&#8221; text_align=&#8221;left&#8221; row_border_radius=&#8221;none&#8221; row_border_radius_applies=&#8221;bg&#8221; overflow=&#8221;visible&#8221; overlay_strength=&#8221;0.3&#8243; gradient_direction=&#8221;left_to_right&#8221; shape_divider_position=&#8221;bottom&#8221; bg_image_animation=&#8221;none&#8221;][vc_column column_padding=&#8221;no-extra-padding&#8221; column_padding_tablet=&#8221;inherit&#8221; column_padding_phone=&#8221;inherit&#8221; column_padding_position=&#8221;all&#8221; column_element_direction_desktop=&#8221;default&#8221; column_element_spacing=&#8221;default&#8221; desktop_text_alignment=&#8221;default&#8221; tablet_text_alignment=&#8221;default&#8221; phone_text_alignment=&#8221;default&#8221; background_color_opacity=&#8221;1&#8243; background_hover_color_opacity=&#8221;1&#8243; column_backdrop_filter=&#8221;none&#8221; column_shadow=&#8221;none&#8221; column_border_radius=&#8221;none&#8221; column_link_target=&#8221;_self&#8221; column_position=&#8221;default&#8221; gradient_direction=&#8221;left_to_right&#8221; overlay_strength=&#8221;0.3&#8243; width=&#8221;1\/3&#8243; tablet_width_inherit=&#8221;default&#8221; animation_type=&#8221;default&#8221; bg_image_animation=&#8221;none&#8221; border_type=&#8221;simple&#8221; column_border_width=&#8221;none&#8221; column_border_style=&#8221;solid&#8221;][vc_column_text]<strong>Ravnatelj:<\/strong><\/p>\n<p>Igor Weidlich<br \/>\n<a href=\"mailto:igor.weidlich@knap.hr\">igor.weidlich@knap.hr<\/a>[\/vc_column_text][divider line_type=&#8221;No Line&#8221; custom_height=&#8221;30&#8243;][vc_column_text]<strong>Odjel za tehni\u010dke poslove<\/strong><\/p>\n<p>Darko Crn\u010devi\u0107<br \/>\nOrganizator tehnike<br \/>\n<a href=\"mailto:darko.crncevic@knap.hr\">darko.crncevic@knap.hr<\/a><\/p>\n<p><strong>Slu\u017ebenik za za\u0161titu osobnih podataka<br \/>\n<\/strong><a href=\"mailto:szop@knap.hr\">szop@knap.hr<\/a><\/p>\n<p><strong>Slu\u017ebenik za informiranje<br \/>\n<\/strong><a href=\"mailto:centar@knap.hr\">centar@knap.hr<\/a>[\/vc_column_text][\/vc_column][vc_column column_padding=&#8221;no-extra-padding&#8221; column_padding_tablet=&#8221;inherit&#8221; column_padding_phone=&#8221;inherit&#8221; column_padding_position=&#8221;all&#8221; column_element_direction_desktop=&#8221;default&#8221; column_element_spacing=&#8221;default&#8221; desktop_text_alignment=&#8221;default&#8221; tablet_text_alignment=&#8221;default&#8221; phone_text_alignment=&#8221;default&#8221; background_color_opacity=&#8221;1&#8243; background_hover_color_opacity=&#8221;1&#8243; column_backdrop_filter=&#8221;none&#8221; column_shadow=&#8221;none&#8221; column_border_radius=&#8221;none&#8221; column_link_target=&#8221;_self&#8221; column_position=&#8221;default&#8221; gradient_direction=&#8221;left_to_right&#8221; overlay_strength=&#8221;0.3&#8243; width=&#8221;1\/3&#8243; tablet_width_inherit=&#8221;default&#8221; animation_type=&#8221;default&#8221; bg_image_animation=&#8221;none&#8221; border_type=&#8221;simple&#8221; column_border_width=&#8221;none&#8221; column_border_style=&#8221;solid&#8221;][vc_column_text]<strong>Programski odjel<\/strong><\/p>\n<p><strong>Vi\u0161i stru\u010dni suradnici:<\/strong><\/p>\n<p>Kristina Krtanjek<br \/>\nVi\u0161a stru\u010dna suradnica za dru\u0161tveno kulturne programe<br \/>\n<a href=\"mailto:kristina.krtanjek@knap.hr\">kristina.krtanjek@knap.hr<\/a><\/p>\n<p>Gaja Vukeli\u0107, mag. art.<br \/>\nVi\u0161a stru\u010dna suradnica za programe glazbene djelatnosti<br \/>\n<a href=\"mailto:gaia.vukelic@knap.hr\">gaia.vukelic@knap.hr<\/a><\/p>\n<p>Morana Foreti\u0107<br \/>\nVi\u0161a stru\u010dna suradnica za dru\u0161tveno kulturne programe<br \/>\n<a href=\"mailto:morana.foretic@knap.hr\">morana.foretic@knap.hr<\/a><\/p>\n<p>Ana Mu\u0161\u0107et<br \/>\nVi\u0161a stru\u010dna suradnica za programe likovne djelatnosti<br \/>\n<a href=\"mailto:ana.muscet@knap.hr\" target=\"_blank\" rel=\"noopener\">ana.muscet@knap.hr<\/a><\/p>\n<p><strong>Stru\u010dni suradnici:<\/strong><\/p>\n<p>Ivan Vu\u010di\u0107<br \/>\nStru\u010dni suradnik za dru\u0161tveno kulturne programe<br \/>\n<a href=\"mailto:ivan.vucic@knap.hr\">ivan.vucic@knap.hr<\/a><\/p>\n<p>Matea \u0160u\u0161kovi\u0107<br \/>\nSuradnica za programe<br \/>\n<a href=\"mailto:matea.suskovic@knap.hr\" target=\"_blank\" rel=\"noopener\">matea.suskovic@knap.hr<\/a>[\/vc_column_text][\/vc_column][vc_column column_padding=&#8221;no-extra-padding&#8221; column_padding_tablet=&#8221;inherit&#8221; column_padding_phone=&#8221;inherit&#8221; column_padding_position=&#8221;all&#8221; column_element_direction_desktop=&#8221;default&#8221; column_element_spacing=&#8221;default&#8221; desktop_text_alignment=&#8221;default&#8221; tablet_text_alignment=&#8221;default&#8221; phone_text_alignment=&#8221;default&#8221; background_color_opacity=&#8221;1&#8243; background_hover_color_opacity=&#8221;1&#8243; column_backdrop_filter=&#8221;none&#8221; column_shadow=&#8221;none&#8221; column_border_radius=&#8221;none&#8221; column_link_target=&#8221;_self&#8221; column_position=&#8221;default&#8221; gradient_direction=&#8221;left_to_right&#8221; overlay_strength=&#8221;0.3&#8243; width=&#8221;1\/3&#8243; tablet_width_inherit=&#8221;default&#8221; animation_type=&#8221;default&#8221; bg_image_animation=&#8221;none&#8221; border_type=&#8221;simple&#8221; column_border_width=&#8221;none&#8221; column_border_style=&#8221;solid&#8221;][vc_column_text]<strong>Tehni\u010dko &#8211; administrativni odjel<\/strong><\/p>\n<p><strong>Marketing:<\/strong><\/p>\n<p style=\"font-weight: 400;\">Kristina Ore\u0161kovi\u0107 Juras<br \/>\nSuradnica za marketing i komunikacije s javno\u0161\u0107u<br \/>\n<a href=\"mailto:marketing@knap.hr\">marketing@knap.hr<\/a><\/p>\n<p><strong>Organizatori programa:<\/strong><\/p>\n<p>Anita Suknjov<br \/>\n<a href=\"mailto:anita.suknjov@knap.hr\" target=\"_blank\" rel=\"noopener\">anita.suknjov@knap.hr<\/a><\/p>\n<p>Ana Marija Bundovi\u0107<br \/>\n<a href=\"mailto:organizator@knap.hr\">organizator@knap.hr<\/a><\/p>\n<p><strong>Upravno &#8211; administrativni odjel:<\/strong><\/p>\n<p>Gordana Maksimovi\u0107 Marun\u010di\u0107<br \/>\nTajnica ustanove II<br \/>\n<a href=\"mailto:tajnistvo@knap.hr\">tajnistvo@knap.hr<\/a><\/p>\n<p>Marijan Kop<br \/>\nvoditelj financijskih i ra\u010dunovodstvenih poslova<br \/>\n<a href=\"mailto:racunovodstvo@knap.hr\" target=\"_blank\" rel=\"noopener\">racunovodstvo@knap.hr<\/a><\/p>\n<p>Tina Kalenski, administratorica<br \/>\n<a href=\"mailto:administrator@knap.hr\" target=\"_blank\" rel=\"noopener\">administrator@knap.hr<\/a>[\/vc_column_text][\/vc_column][\/vc_row]\n","protected":false},"excerpt":{"rendered":"IzbornikO NamaDvoranaDokumentiStatut Centra KNAPJavna nabavaNatje\u010dajiKontakt Kontaktirajte nas CENTAR KULTURE NA PE\u0160\u010cENICI - KNAP Ivani\u0107gradska 41a,...","protected":false},"author":1,"featured_media":0,"parent":0,"menu_order":5,"comment_status":"closed","ping_status":"closed","template":"","meta":{"footnotes":""},"class_list":["post-3335","page","type-page","status-publish"],"_links":{"self":[{"href":"https:\/\/www.knap.hr\/centar\/wp-json\/wp\/v2\/pages\/3335","targetHints":{"allow":["GET"]}}],"collection":[{"href":"https:\/\/www.knap.hr\/centar\/wp-json\/wp\/v2\/pages"}],"about":[{"href":"https:\/\/www.knap.hr\/centar\/wp-json\/wp\/v2\/types\/page"}],"author":[{"embeddable":true,"href":"https:\/\/www.knap.hr\/centar\/wp-json\/wp\/v2\/users\/1"}],"replies":[{"embeddable":true,"href":"https:\/\/www.knap.hr\/centar\/wp-json\/wp\/v2\/comments?post=3335"}],"version-history":[{"count":46,"href":"https:\/\/www.knap.hr\/centar\/wp-json\/wp\/v2\/pages\/3335\/revisions"}],"predecessor-version":[{"id":14043,"href":"https:\/\/www.knap.hr\/centar\/wp-json\/wp\/v2\/pages\/3335\/revisions\/14043"}],"wp:attachment":[{"href":"https:\/\/www.knap.hr\/centar\/wp-json\/wp\/v2\/media?parent=3335"}],"curies":[{"name":"wp","href":"https:\/\/api.w.org\/{rel}","templated":true}]}}