{"id":3252,"date":"2021-02-08T18:32:11","date_gmt":"2021-02-08T18:32:11","guid":{"rendered":"https:\/\/www.knap.hr\/centar\/?page_id=3252"},"modified":"2021-10-27T16:29:22","modified_gmt":"2021-10-27T14:29:22","slug":"o-nama","status":"publish","type":"page","link":"https:\/\/www.knap.hr\/centar\/o-nama\/","title":{"rendered":"O Nama"},"content":{"rendered":"[vc_row type=&#8221;in_container&#8221; full_screen_row_position=&#8221;middle&#8221; column_margin=&#8221;default&#8221; column_direction=&#8221;default&#8221; column_direction_tablet=&#8221;default&#8221; column_direction_phone=&#8221;default&#8221; scene_position=&#8221;center&#8221; text_color=&#8221;dark&#8221; text_align=&#8221;left&#8221; row_border_radius=&#8221;none&#8221; row_border_radius_applies=&#8221;bg&#8221; overlay_strength=&#8221;0.3&#8243; gradient_direction=&#8221;left_to_right&#8221; shape_divider_position=&#8221;bottom&#8221; bg_image_animation=&#8221;none&#8221;][vc_column column_padding=&#8221;no-extra-padding&#8221; column_padding_tablet=&#8221;inherit&#8221; column_padding_phone=&#8221;inherit&#8221; column_padding_position=&#8221;all&#8221; background_color_opacity=&#8221;1&#8243; background_hover_color_opacity=&#8221;1&#8243; column_shadow=&#8221;none&#8221; column_border_radius=&#8221;none&#8221; column_link_target=&#8221;_self&#8221; gradient_direction=&#8221;left_to_right&#8221; overlay_strength=&#8221;0.3&#8243; width=&#8221;1\/1&#8243; tablet_width_inherit=&#8221;default&#8221; tablet_text_alignment=&#8221;default&#8221; phone_text_alignment=&#8221;default&#8221; column_border_width=&#8221;none&#8221; column_border_style=&#8221;solid&#8221; bg_image_animation=&#8221;none&#8221;]<div class=\"templatera_shortcode\"><div id=\"fws_69e1d35489fa5\"  data-column-margin=\"default\" data-midnight=\"dark\"  class=\"wpb_row vc_row-fluid vc_row\"  style=\"padding-top: 0px; padding-bottom: 0px; \"><div class=\"row-bg-wrap\" data-bg-animation=\"none\" data-bg-animation-delay=\"\" data-bg-overlay=\"false\"><div class=\"inner-wrap row-bg-layer\" ><div class=\"row-bg viewport-desktop using-bg-color\"  style=\"background-color: #e8e8e8; \"><\/div><\/div><\/div><div class=\"row_col_wrap_12 col span_12 dark left\">\n\t<div  class=\"vc_col-sm-12 wpb_column column_container vc_column_container col no-extra-padding inherit_tablet inherit_phone \"  data-padding-pos=\"all\" data-has-bg-color=\"false\" data-bg-color=\"\" data-bg-opacity=\"1\" data-animation=\"\" data-delay=\"0\" >\n\t\t<div class=\"vc_column-inner\" >\n\t\t\t<div class=\"wpb_wrapper\">\n\t\t\t\t<div class=\"page-submenu\" data-bg-color=\"#ec252a\" data-sticky=\"false\" data-alignment=\"center\"><div class=\"full-width-content\" style=\"background-color:#ec252a; color: #ffffff;\"><a href=\"#\" class=\"mobile-menu-link\"><i class=\"salient-page-submenu-icon\"><\/i>Izbornik<\/a><ul style=\"background-color:#ec252a; color: #ffffff;\"><li><a  href=\"https:\/\/www.knap.hr\/centar\/o-nama\/\">O Nama<\/a><\/li><li><a  href=\"https:\/\/www.knap.hr\/centar\/o-nama\/dvorana\/\">Dvorana<\/a><\/li><li><a  href=\"https:\/\/www.knap.hr\/centar\/o-nama\/dokumenti\/\">Dokumenti<\/a><\/li><li><a  href=\"https:\/\/www.knap.hr\/centar\/o-nama\/statut\/\">Statut Centra KNAP<\/a><\/li><li><a  href=\"https:\/\/www.knap.hr\/centar\/o-nama\/javna-nabava\/\">Javna nabava<\/a><\/li><li><a  href=\"https:\/\/www.knap.hr\/centar\/o-nama\/natjecaji\/\">Natje\u010daji<\/a><\/li><li><a  href=\"https:\/\/www.knap.hr\/centar\/kontakt\/\">Kontakt<\/a><\/li><\/ul><\/div><\/div>\n\t\t\t<\/div> \n\t\t<\/div>\n\t<\/div> \n<\/div><\/div>\r\n<\/div>[\/vc_column][\/vc_row][vc_row type=&#8221;in_container&#8221; full_screen_row_position=&#8221;middle&#8221; column_margin=&#8221;default&#8221; column_direction=&#8221;default&#8221; column_direction_tablet=&#8221;default&#8221; column_direction_phone=&#8221;default&#8221; scene_position=&#8221;center&#8221; text_color=&#8221;dark&#8221; text_align=&#8221;center&#8221; row_border_radius=&#8221;none&#8221; row_border_radius_applies=&#8221;bg&#8221; overlay_strength=&#8221;0.3&#8243; gradient_direction=&#8221;left_to_right&#8221; shape_divider_position=&#8221;bottom&#8221; bg_image_animation=&#8221;none&#8221; shape_type=&#8221;&#8221;][vc_column column_padding=&#8221;no-extra-padding&#8221; column_padding_tablet=&#8221;inherit&#8221; column_padding_phone=&#8221;inherit&#8221; column_padding_position=&#8221;all&#8221; background_color_opacity=&#8221;1&#8243; background_hover_color_opacity=&#8221;1&#8243; column_shadow=&#8221;none&#8221; column_border_radius=&#8221;none&#8221; column_link_target=&#8221;_self&#8221; gradient_direction=&#8221;left_to_right&#8221; overlay_strength=&#8221;0.3&#8243; width=&#8221;1\/1&#8243; tablet_width_inherit=&#8221;default&#8221; tablet_text_alignment=&#8221;default&#8221; phone_text_alignment=&#8221;default&#8221; column_border_width=&#8221;none&#8221; column_border_style=&#8221;solid&#8221; bg_image_animation=&#8221;none&#8221;][vc_column_text]\n<h1 style=\"text-align: center;\">O Nama<\/h1>\n[\/vc_column_text][divider line_type=&#8221;Small Line&#8221; line_alignment=&#8221;center&#8221; line_thickness=&#8221;4&#8243; divider_color=&#8221;default&#8221; animate=&#8221;yes&#8221; custom_height=&#8221;40&#8243; custom_line_width=&#8221;160&#8243;][vc_column_text max_width=&#8221;800&#8243;]\n<p style=\"text-align: center;\">2015. Kulturni centar Pe\u0161\u010denica mijenja ime u Centar kulture na Pe\u0161\u010denici &#8211; Knap<\/p>\n<p style=\"text-align: center;\"><strong>Centar kulture na Pe\u0161\u010denici<\/strong> osnovan je 1955. godine. Od tada djeluje u kreiranju kulturnih i obrazovnih programa za djecu, mlade, odrasle i tre\u0107u \u017eivotnu dob, na podru\u010dju Pe\u0161\u010denica \u2013 \u017ditnjak i \u0161ire.<\/p>\n[\/vc_column_text][divider line_type=&#8221;No Line&#8221; custom_height=&#8221;20&#8243;][\/vc_column][\/vc_row][vc_row type=&#8221;in_container&#8221; full_screen_row_position=&#8221;middle&#8221; column_margin=&#8221;default&#8221; column_direction=&#8221;default&#8221; column_direction_tablet=&#8221;default&#8221; column_direction_phone=&#8221;default&#8221; scene_position=&#8221;center&#8221; text_color=&#8221;dark&#8221; text_align=&#8221;left&#8221; row_border_radius=&#8221;none&#8221; row_border_radius_applies=&#8221;bg&#8221; overlay_strength=&#8221;0.3&#8243; gradient_direction=&#8221;left_to_right&#8221; shape_divider_position=&#8221;bottom&#8221; bg_image_animation=&#8221;none&#8221;][vc_column column_padding=&#8221;no-extra-padding&#8221; column_padding_tablet=&#8221;inherit&#8221; column_padding_phone=&#8221;inherit&#8221; column_padding_position=&#8221;all&#8221; background_color_opacity=&#8221;1&#8243; background_hover_color_opacity=&#8221;1&#8243; column_shadow=&#8221;none&#8221; column_border_radius=&#8221;none&#8221; column_link_target=&#8221;_self&#8221; gradient_direction=&#8221;left_to_right&#8221; overlay_strength=&#8221;0.3&#8243; width=&#8221;1\/2&#8243; tablet_width_inherit=&#8221;default&#8221; tablet_text_alignment=&#8221;default&#8221; phone_text_alignment=&#8221;default&#8221; column_border_width=&#8221;none&#8221; column_border_style=&#8221;solid&#8221; bg_image_animation=&#8221;none&#8221;][vc_column_text]Misija Centra Knap je podi\u0107i razinu svijesti o kulturi te educirati stanovnike gradske \u010detvrti Pe\u0161\u010denica &#8211; \u017ditnjak o va\u017enosti i vrijednostima koje ona donosi, te pru\u017eiti kvalitetne sadr\u017eaje kojima gra\u0111ani mogu ispuniti slobodno vrijeme.<\/p>\n<p>Dosada\u0161nji uspjesi su neupitni te je cilj Centra \u0161iriti mre\u017eu aktivnosti a samim tim i mre\u017eu partnerstva, kako bi bio jo\u0161 uspje\u0161niji u ostvarivanju ciljeva. Centar uspje\u0161no sura\u0111uje s lokalnom samoupravom, udrugama, knji\u017enicom, \u0161kolama, pa i pojedinim lokalnim tvrtkama. Centar Knap ima \u0161iroko polje djelovanja te se njegov rad bazira na organiziranju ve\u0107ih i manjih akcija i manifestacija kao \u0161to su: Dani kulture na Pe\u0161\u010di, urbana akcija Volim Pe\u0161\u010denicu, Dani suvremenog muziciranja, Pe\u0161\u010da chillout, Pe\u0161\u010da Campus, otvaranje Hall of Famea\u2026<\/p>\n<p>Kazali\u0161te Knap, Galerija Doga\u0111anja te koncertna doga\u0111anja svojim djelovanjem pokrivaju ne samo podru\u010dje Pe\u0161\u010denica \u2013 \u017ditnjak ve\u0107 su njihovi programi usmjereni publici cijelog grada i \u0161ire.<\/p>\n<p>Velik dio programa odvija se kroz organizaciju kreativnih radionica, od plesnih, likovnih, dramskih, glazbenih do radionica urbane kulture.[\/vc_column_text][\/vc_column][vc_column column_padding=&#8221;no-extra-padding&#8221; column_padding_tablet=&#8221;inherit&#8221; column_padding_phone=&#8221;inherit&#8221; column_padding_position=&#8221;all&#8221; background_color_opacity=&#8221;1&#8243; background_hover_color_opacity=&#8221;1&#8243; column_shadow=&#8221;none&#8221; column_border_radius=&#8221;none&#8221; column_link_target=&#8221;_self&#8221; gradient_direction=&#8221;left_to_right&#8221; overlay_strength=&#8221;0.3&#8243; width=&#8221;1\/2&#8243; tablet_width_inherit=&#8221;default&#8221; tablet_text_alignment=&#8221;default&#8221; phone_text_alignment=&#8221;default&#8221; column_border_width=&#8221;none&#8221; column_border_style=&#8221;solid&#8221; bg_image_animation=&#8221;none&#8221;][vc_gallery type=&#8221;flexslider_style&#8221; images=&#8221;3264,3263,5640,5639,5638,5649&#8243; onclick=&#8221;link_image&#8221; img_size=&#8221;full&#8221;][\/vc_column][\/vc_row]\n","protected":false},"excerpt":{"rendered":"IzbornikO NamaDvoranaDokumentiStatut Centra KNAPJavna nabavaNatje\u010dajiKontakt O Nama 2015. Kulturni centar Pe\u0161\u010denica mijenja ime u Centar...","protected":false},"author":1,"featured_media":0,"parent":0,"menu_order":7,"comment_status":"closed","ping_status":"closed","template":"","meta":{"footnotes":""},"class_list":["post-3252","page","type-page","status-publish"],"_links":{"self":[{"href":"https:\/\/www.knap.hr\/centar\/wp-json\/wp\/v2\/pages\/3252","targetHints":{"allow":["GET"]}}],"collection":[{"href":"https:\/\/www.knap.hr\/centar\/wp-json\/wp\/v2\/pages"}],"about":[{"href":"https:\/\/www.knap.hr\/centar\/wp-json\/wp\/v2\/types\/page"}],"author":[{"embeddable":true,"href":"https:\/\/www.knap.hr\/centar\/wp-json\/wp\/v2\/users\/1"}],"replies":[{"embeddable":true,"href":"https:\/\/www.knap.hr\/centar\/wp-json\/wp\/v2\/comments?post=3252"}],"version-history":[{"count":19,"href":"https:\/\/www.knap.hr\/centar\/wp-json\/wp\/v2\/pages\/3252\/revisions"}],"predecessor-version":[{"id":5744,"href":"https:\/\/www.knap.hr\/centar\/wp-json\/wp\/v2\/pages\/3252\/revisions\/5744"}],"wp:attachment":[{"href":"https:\/\/www.knap.hr\/centar\/wp-json\/wp\/v2\/media?parent=3252"}],"curies":[{"name":"wp","href":"https:\/\/api.w.org\/{rel}","templated":true}]}}